{"id":638,"date":"2021-09-15T11:42:06","date_gmt":"2021-09-15T11:42:06","guid":{"rendered":"https:\/\/stage.startertemplatecloud.com\/g15\/?page_id=638"},"modified":"2024-11-27T10:09:15","modified_gmt":"2024-11-27T10:09:15","slug":"karriera","status":"publish","type":"page","link":"https:\/\/sale-and-service.com\/en\/karriera\/","title":{"rendered":"Career"},"content":{"rendered":"<style>.kb-row-layout-id638_091696-02 > .kt-row-column-wrap{align-content:start;}:where(.kb-row-layout-id638_091696-02 > .kt-row-column-wrap) > .wp-block-kadence-column{justify-content:start;}.kb-row-layout-id638_091696-02 > .kt-row-column-wrap{column-gap:var(--global-kb-gap-md, 2rem);row-gap:var(--global-kb-gap-md, 2rem);max-width:600px;margin-left:auto;margin-right:auto;padding-top:150px;padding-right:0px;padding-bottom:120px;padding-left:0px;grid-template-columns:minmax(0, 1fr);}.kb-row-layout-id638_091696-02 > .kt-row-layout-overlay{opacity:0.70;background-image:url('https:\/\/anl.dhy.mybluehost.me\/website_3f3d8087\/wp-content\/uploads\/2021\/04\/bg-0.png');background-size:cover;background-position:center center;background-attachment:fixed;background-repeat:no-repeat;}@media all and (max-width: 1024px), only screen and (min-device-width: 1024px) and (max-device-width: 1366px) and (-webkit-min-device-pixel-ratio: 2) and (hover: none){.kb-row-layout-id638_091696-02 > .kt-row-layout-overlay{background-attachment:scroll;}}@media all and (max-width: 1024px){.kb-row-layout-id638_091696-02 > .kt-row-column-wrap{padding-top:140px;padding-right:0px;padding-bottom:80px;padding-left:0px;grid-template-columns:minmax(0, 1fr);}}@media all and (max-width: 767px){.kb-row-layout-id638_091696-02 > .kt-row-column-wrap{padding-top:120px;padding-right:20px;padding-bottom:50px;padding-left:20px;grid-template-columns:minmax(0, 1fr);}}<\/style><div class=\"kb-row-layout-wrap kb-row-layout-id638_091696-02 alignnone has-theme-palette8-background-color kt-row-has-bg wp-block-kadence-rowlayout\"><div class=\"kt-row-layout-overlay kt-row-overlay-normal\"><\/div><div class=\"kt-row-column-wrap kt-has-1-columns kt-row-layout-equal kt-tab-layout-inherit kt-mobile-layout-row kt-row-valign-top\">\n<style>.kadence-column638_1a2180-71 > .kt-inside-inner-col{padding-top:10px;padding-right:10px;padding-bottom:10px;padding-left:10px;}.kadence-column638_1a2180-71 > .kt-inside-inner-col,.kadence-column638_1a2180-71 > .kt-inside-inner-col:before{border-top-left-radius:0px;border-top-right-radius:0px;border-bottom-right-radius:0px;border-bottom-left-radius:0px;}.kadence-column638_1a2180-71 > .kt-inside-inner-col{column-gap:var(--global-kb-gap-sm, 1rem);}.kadence-column638_1a2180-71 > .kt-inside-inner-col{flex-direction:column;}.kadence-column638_1a2180-71 > .kt-inside-inner-col > .aligncenter{width:100%;}.kadence-column638_1a2180-71 > .kt-inside-inner-col:before{opacity:0.3;}.kadence-column638_1a2180-71{position:relative;}@media all and (max-width: 1024px){.kadence-column638_1a2180-71 > .kt-inside-inner-col{flex-direction:column;justify-content:center;}}@media all and (max-width: 767px){.kadence-column638_1a2180-71 > .kt-inside-inner-col{flex-direction:column;justify-content:center;}}<\/style>\n<div class=\"inner-column-1 wp-block-kadence-column kadence-column638_1a2180-71\"><div class=\"kt-inside-inner-col\"><style>.wp-block-kadence-advancedheading.kt-adv-heading638_8ddf07-b3, .wp-block-kadence-advancedheading.kt-adv-heading638_8ddf07-b3[data-kb-block=\"kb-adv-heading638_8ddf07-b3\"]{margin-bottom:22.5px;text-align:center;line-height:1em;font-style:normal;}.wp-block-kadence-advancedheading.kt-adv-heading638_8ddf07-b3 mark.kt-highlight, .wp-block-kadence-advancedheading.kt-adv-heading638_8ddf07-b3[data-kb-block=\"kb-adv-heading638_8ddf07-b3\"] mark.kt-highlight{font-style:normal;color:#f76a0c;-webkit-box-decoration-break:clone;box-decoration-break:clone;padding-top:0px;padding-right:0px;padding-bottom:0px;padding-left:0px;}.wp-block-kadence-advancedheading.kt-adv-heading638_8ddf07-b3 img.kb-inline-image, .wp-block-kadence-advancedheading.kt-adv-heading638_8ddf07-b3[data-kb-block=\"kb-adv-heading638_8ddf07-b3\"] img.kb-inline-image{width:150px;vertical-align:baseline;}@media all and (max-width: 1024px){.wp-block-kadence-advancedheading.kt-adv-heading638_8ddf07-b3, .wp-block-kadence-advancedheading.kt-adv-heading638_8ddf07-b3[data-kb-block=\"kb-adv-heading638_8ddf07-b3\"]{margin-bottom:17.5px;}}<\/style>\n<h1 class=\"kt-adv-heading638_8ddf07-b3 wp-block-kadence-advancedheading\" data-kb-block=\"kb-adv-heading638_8ddf07-b3\">Karriera<\/h1>\n\n\n<style>.wp-block-kadence-advancedheading.kt-adv-heading638_db70e9-28, .wp-block-kadence-advancedheading.kt-adv-heading638_db70e9-28[data-kb-block=\"kb-adv-heading638_db70e9-28\"]{text-align:center;font-size:var(--global-kb-font-size-md, 1.25rem);font-style:normal;}.wp-block-kadence-advancedheading.kt-adv-heading638_db70e9-28 mark.kt-highlight, .wp-block-kadence-advancedheading.kt-adv-heading638_db70e9-28[data-kb-block=\"kb-adv-heading638_db70e9-28\"] mark.kt-highlight{font-style:normal;color:#f76a0c;-webkit-box-decoration-break:clone;box-decoration-break:clone;padding-top:0px;padding-right:0px;padding-bottom:0px;padding-left:0px;}.wp-block-kadence-advancedheading.kt-adv-heading638_db70e9-28 img.kb-inline-image, .wp-block-kadence-advancedheading.kt-adv-heading638_db70e9-28[data-kb-block=\"kb-adv-heading638_db70e9-28\"] img.kb-inline-image{width:150px;vertical-align:baseline;}<\/style>\n<p class=\"kt-adv-heading638_db70e9-28 wp-block-kadence-advancedheading\" data-kb-block=\"kb-adv-heading638_db70e9-28\"><strong>Bashkohuni me ekipin tone!<\/strong><\/p>\n<\/div><\/div>\n\n<\/div><\/div>\n\n<style>.kb-row-layout-wrap.wp-block-kadence-rowlayout.kb-row-layout-id638_c5149f-73{margin-top:0px;margin-bottom:0px;}.kb-row-layout-id638_c5149f-73 > .kt-row-column-wrap{align-content:start;}:where(.kb-row-layout-id638_c5149f-73 > .kt-row-column-wrap) > .wp-block-kadence-column{justify-content:start;}.kb-row-layout-id638_c5149f-73 > .kt-row-column-wrap{column-gap:var(--global-kb-gap-none, 0rem );row-gap:var(--global-kb-gap-none, 0rem );max-width:var( --global-content-width, 1290px );padding-left:var(--global-content-edge-padding);padding-right:var(--global-content-edge-padding);padding-top:26px;padding-right:0px;padding-bottom:48px;padding-left:0px;grid-template-columns:minmax(0, 1fr);}.kb-row-layout-id638_c5149f-73 > .kt-row-layout-overlay{opacity:0.30;}@media all and (max-width: 1024px){.kb-row-layout-id638_c5149f-73 > .kt-row-column-wrap{padding-top:40px;padding-right:30px;padding-bottom:60px;padding-left:30px;grid-template-columns:minmax(0, 1fr);}}@media all and (max-width: 767px){.kb-row-layout-id638_c5149f-73 > .kt-row-column-wrap{padding-top:80px;padding-right:20px;padding-bottom:10px;padding-left:20px;grid-template-columns:minmax(0, 1fr);}}<\/style><div class=\"kb-row-layout-wrap kb-row-layout-id638_c5149f-73 alignnone wp-block-kadence-rowlayout\"><div class=\"kt-row-column-wrap kt-has-1-columns kt-row-layout-equal kt-tab-layout-inherit kt-mobile-layout-row kt-row-valign-top kb-theme-content-width\">\n<style>.kadence-column638_d51625-12 > .kt-inside-inner-col{display:flex;}.kadence-column638_d51625-12 > .kt-inside-inner-col{padding-top:10px;padding-right:10px;padding-bottom:10px;padding-left:10px;}.kadence-column638_d51625-12 > .kt-inside-inner-col,.kadence-column638_d51625-12 > .kt-inside-inner-col:before{border-top-left-radius:0px;border-top-right-radius:0px;border-bottom-right-radius:0px;border-bottom-left-radius:0px;}.kadence-column638_d51625-12 > .kt-inside-inner-col{column-gap:var(--global-kb-gap-sm, 1rem);}.kadence-column638_d51625-12 > .kt-inside-inner-col{flex-direction:column;justify-content:center;}.kadence-column638_d51625-12 > .kt-inside-inner-col > .aligncenter{width:100%;}.kt-row-column-wrap > .kadence-column638_d51625-12{align-self:center;}.kt-inner-column-height-full:not(.kt-has-1-columns) > .wp-block-kadence-column.kadence-column638_d51625-12{align-self:auto;}.kt-inner-column-height-full:not(.kt-has-1-columns) > .wp-block-kadence-column.kadence-column638_d51625-12 > .kt-inside-inner-col{flex-direction:column;justify-content:center;}.kadence-column638_d51625-12 > .kt-inside-inner-col:before{opacity:0.3;}.kadence-column638_d51625-12{position:relative;}.kadence-column638_d51625-12, .kt-inside-inner-col > .kadence-column638_d51625-12:not(.specificity){margin-top:0px;margin-right:10px;margin-bottom:0px;margin-left:0px;}@media all and (max-width: 1024px){.kadence-column638_d51625-12 > .kt-inside-inner-col{padding-top:60px;padding-right:40px;padding-bottom:60px;padding-left:40px;flex-direction:column;justify-content:center;}}@media all and (max-width: 1024px){.kt-row-column-wrap > .kadence-column638_d51625-12{align-self:center;}}@media all and (max-width: 1024px){.kt-inner-column-height-full:not(.kt-has-1-columns) > .wp-block-kadence-column.kadence-column638_d51625-12{align-self:auto;}}@media all and (max-width: 1024px){.kt-inner-column-height-full:not(.kt-has-1-columns) > .wp-block-kadence-column.kadence-column638_d51625-12 > .kt-inside-inner-col{flex-direction:column;justify-content:center;}}@media all and (max-width: 1024px){.kadence-column638_d51625-12, .kt-inside-inner-col > .kadence-column638_d51625-12:not(.specificity){margin-top:0px;margin-right:0px;margin-bottom:0px;margin-left:0px;}}@media all and (max-width: 767px){.kadence-column638_d51625-12 > .kt-inside-inner-col{padding-top:0px;padding-right:0px;padding-bottom:0px;padding-left:0px;flex-direction:column;justify-content:center;}.kt-row-column-wrap > .kadence-column638_d51625-12{align-self:center;}.kt-inner-column-height-full:not(.kt-has-1-columns) > .wp-block-kadence-column.kadence-column638_d51625-12{align-self:auto;}.kt-inner-column-height-full:not(.kt-has-1-columns) > .wp-block-kadence-column.kadence-column638_d51625-12 > .kt-inside-inner-col{flex-direction:column;justify-content:center;}}<\/style>\n<div class=\"inner-column-1 wp-block-kadence-column kadence-column638_d51625-12\"><div class=\"kt-inside-inner-col\">\n<p class=\"\">N\u00ebse jeni duke k\u00ebrkuar nj\u00eb mund\u00ebsi p\u00ebr t\u00eb zhvilluar karrier\u00ebn tuaj n\u00eb nj\u00eb ambient profesional, energjik dhe t\u00eb motivuar &#8220;Sale &amp; Service&#8221; \u00ebsht\u00eb vendi i duhur p\u00ebr ju! Ne jemi nj\u00eb nga kompanit\u00eb m\u00eb dinamike n\u00eb fush\u00ebn e telemarketingut dhe sh\u00ebrbimeve t\u00eb klientit dhe po k\u00ebrkojm\u00eb individ\u00eb t\u00eb apasionuar q\u00eb duan t\u00eb kontribuojn\u00eb n\u00eb suksesin ton\u00eb t\u00eb vazhduesh\u00ebm.<\/p>\n<\/div><\/div>\n\n<\/div><\/div>\n\n<style>.kb-row-layout-id638_deaa8e-e0 > .kt-row-column-wrap{align-content:center;}:where(.kb-row-layout-id638_deaa8e-e0 > .kt-row-column-wrap) > .wp-block-kadence-column{justify-content:center;}.kb-row-layout-id638_deaa8e-e0 > .kt-row-column-wrap{column-gap:var(--global-kb-gap-md, 2rem);row-gap:var(--global-kb-gap-md, 2rem);padding-top:44px;padding-right:0px;padding-bottom:110px;padding-left:0px;grid-template-columns:minmax(0, 1fr);}.kb-row-layout-id638_deaa8e-e0 > .kt-row-layout-overlay{opacity:0.57;background-image:url('https:\/\/anl.dhy.mybluehost.me\/website_3f3d8087\/wp-content\/uploads\/2021\/04\/bg-0.png');background-size:cover;background-position:center center;background-attachment:scroll;background-repeat:no-repeat;}.kb-row-layout-id638_deaa8e-e0 .kt-row-layout-bottom-sep{height:88px;}.kb-row-layout-id638_deaa8e-e0 .kt-row-layout-bottom-sep svg{width:110%;}.kb-row-layout-id638_deaa8e-e0 .kt-row-layout-bottom-sep svg{fill:var(--global-palette9, #ffffff)!important;}.kb-row-layout-id638_deaa8e-e0 .kt-row-layout-top-sep{height:75px;}.kb-row-layout-id638_deaa8e-e0 .kt-row-layout-top-sep svg{width:121%;}.kb-row-layout-id638_deaa8e-e0 .kt-row-layout-top-sep svg{fill:var(--global-palette9, #ffffff)!important;}@media all and (max-width: 1024px){.kb-row-layout-id638_deaa8e-e0 > .kt-row-column-wrap{padding-top:10px;padding-right:30px;padding-bottom:70px;padding-left:30px;grid-template-columns:minmax(0, 1fr);}}@media all and (max-width: 1024px){.kb-row-layout-id638_deaa8e-e0 .kt-row-layout-bottom-sep{height:px;}}@media all and (max-width: 1024px){.kb-row-layout-id638_deaa8e-e0 .kt-row-layout-bottom-sep svg{width:%;}}@media all and (max-width: 767px){.kb-row-layout-id638_deaa8e-e0 > .kt-row-column-wrap{padding-top:70px;padding-right:20px;padding-bottom:30px;padding-left:20px;grid-template-columns:minmax(0, 1fr);}.kb-row-layout-id638_deaa8e-e0 .kt-row-layout-bottom-sep{height:px;}.kb-row-layout-id638_deaa8e-e0 .kt-row-layout-bottom-sep svg{width:%;}}<\/style><div class=\"kb-row-layout-wrap kb-row-layout-id638_deaa8e-e0 alignnone has-theme-palette8-background-color kt-row-has-bg wp-block-kadence-rowlayout\"><div class=\"kt-row-layout-overlay kt-row-overlay-normal\"><\/div><div class=\"kt-row-layout-top-sep kt-row-sep-type-crvri\"><svg viewBox=\"0 0 1000 100\" preserveAspectRatio=\"none\"><path d=\"M1000,0c0,0 -120.987,98 -350,98c-229.013,0 -650,-98 -650,-98l0,100l1000,0l0,-100Z\" \/><\/svg><\/div><div class=\"kt-row-layout-bottom-sep kt-row-sep-type-crvli\"><svg viewBox=\"0 0 1000 100\" preserveAspectRatio=\"none\"><path d=\"M1000,0c0,0 -420.987,98 -650,98c-229.013,0 -350,-98 -350,-98l0,100l1000,0l0,-100Z\" \/><\/svg><\/div><div class=\"kt-row-column-wrap kt-has-1-columns kt-row-layout-equal kt-tab-layout-inherit kt-mobile-layout-row kt-row-valign-middle\">\n<style>.kadence-column638_0ccf09-39 > .kt-inside-inner-col,.kadence-column638_0ccf09-39 > .kt-inside-inner-col:before{border-top-left-radius:0px;border-top-right-radius:0px;border-bottom-right-radius:0px;border-bottom-left-radius:0px;}.kadence-column638_0ccf09-39 > .kt-inside-inner-col{column-gap:var(--global-kb-gap-sm, 1rem);}.kadence-column638_0ccf09-39 > .kt-inside-inner-col{flex-direction:column;}.kadence-column638_0ccf09-39 > .kt-inside-inner-col > .aligncenter{width:100%;}.kadence-column638_0ccf09-39 > .kt-inside-inner-col:before{opacity:0.3;}.kadence-column638_0ccf09-39{position:relative;}@media all and (max-width: 1024px){.kadence-column638_0ccf09-39 > .kt-inside-inner-col{flex-direction:column;justify-content:center;}}@media all and (max-width: 767px){.kadence-column638_0ccf09-39 > .kt-inside-inner-col{flex-direction:column;justify-content:center;}}<\/style>\n<div class=\"wp-block-kadence-column kadence-column638_0ccf09-39\"><div class=\"kt-inside-inner-col\">\n<h3 class=\"wp-block-heading has-text-align-center\"><strong>Pse t\u00eb punosh me ne?<\/strong><\/h3>\n\n\n\n<div class=\"wp-block-columns is-layout-flex wp-container-core-columns-is-layout-9d6595d7 wp-block-columns-is-layout-flex\">\n<div class=\"wp-block-column is-layout-flow wp-block-column-is-layout-flow\"><style>.kadence-column638_65eb50-8f > .kt-inside-inner-col,.kadence-column638_65eb50-8f > .kt-inside-inner-col:before{border-top-left-radius:0px;border-top-right-radius:0px;border-bottom-right-radius:0px;border-bottom-left-radius:0px;}.kadence-column638_65eb50-8f > .kt-inside-inner-col{column-gap:var(--global-kb-gap-sm, 1rem);}.kadence-column638_65eb50-8f > .kt-inside-inner-col{flex-direction:column;}.kadence-column638_65eb50-8f > .kt-inside-inner-col > .aligncenter{width:100%;}.kadence-column638_65eb50-8f > .kt-inside-inner-col:before{opacity:0.3;}.kadence-column638_65eb50-8f{position:relative;}@media all and (max-width: 1024px){.kadence-column638_65eb50-8f > .kt-inside-inner-col{flex-direction:column;justify-content:center;}}@media all and (max-width: 767px){.kadence-column638_65eb50-8f > .kt-inside-inner-col{flex-direction:column;justify-content:center;}}<\/style>\n<div class=\"wp-block-kadence-column kadence-column638_65eb50-8f\"><div class=\"kt-inside-inner-col\">\n<h5 class=\"wp-block-heading\" style=\"padding-right:var(--wp--preset--spacing--40);padding-left:var(--wp--preset--spacing--40)\"><strong>Zhvillimi profesional<\/strong><\/h5>\n<\/div><\/div>\n\n\n\n<p style=\"padding-right:var(--wp--preset--spacing--40);padding-left:var(--wp--preset--spacing--40)\" class=\"\">N\u00eb &#8220;Sale &amp; Service,&#8221; ne investojm\u00eb n\u00eb zhvillimin e aft\u00ebsive t\u00eb punonj\u00ebsve tan\u00eb. Ofruam trajnime t\u00eb specializuara p\u00ebr telemarketing, menaxhimin e marr\u00ebdh\u00ebnieve me klient\u00ebt dhe teknikat m\u00eb t\u00eb fundit t\u00eb shitjeve dhe komunikimit. Ekipi yn\u00eb p\u00ebrfshihet n\u00eb trajnime t\u00eb rregullta q\u00eb i ndihmojn\u00eb ata t\u00eb p\u00ebrmir\u00ebsojn\u00eb performanc\u00ebn dhe t\u00eb rriten n\u00eb karrier\u00eb.<\/p>\n<\/div>\n\n\n\n<div class=\"wp-block-column is-layout-flow wp-block-column-is-layout-flow\"><style>.kadence-column638_c45896-cf > .kt-inside-inner-col,.kadence-column638_c45896-cf > .kt-inside-inner-col:before{border-top-left-radius:0px;border-top-right-radius:0px;border-bottom-right-radius:0px;border-bottom-left-radius:0px;}.kadence-column638_c45896-cf > .kt-inside-inner-col{column-gap:var(--global-kb-gap-sm, 1rem);}.kadence-column638_c45896-cf > .kt-inside-inner-col{flex-direction:column;}.kadence-column638_c45896-cf > .kt-inside-inner-col > .aligncenter{width:100%;}.kadence-column638_c45896-cf > .kt-inside-inner-col:before{opacity:0.3;}.kadence-column638_c45896-cf{position:relative;}@media all and (max-width: 1024px){.kadence-column638_c45896-cf > .kt-inside-inner-col{flex-direction:column;justify-content:center;}}@media all and (max-width: 767px){.kadence-column638_c45896-cf > .kt-inside-inner-col{flex-direction:column;justify-content:center;}}<\/style>\n<div class=\"wp-block-kadence-column kadence-column638_c45896-cf\"><div class=\"kt-inside-inner-col\">\n<h5 class=\"wp-block-heading\"><strong>Ambient pozitiv pune<\/strong><\/h5>\n\n\n\n<p class=\"\">Ne promovojm\u00eb nj\u00eb kultur\u00eb t\u00eb hapur dhe bashk\u00ebpunuese, ku secili an\u00ebtar i ekipit ka mund\u00ebsin\u00eb t\u00eb ndihmoj\u00eb n\u00eb vendimet e r\u00ebnd\u00ebsishme dhe t\u00eb ndikoj\u00eb n\u00eb drejtimin e biznesit. Ambienti yn\u00eb i pun\u00ebs \u00ebsht\u00eb i mbushur me energji pozitive, mb\u00ebshtetje dhe motivim p\u00ebr t&#8217;ia dal\u00eb mban\u00eb.<\/p>\n<\/div><\/div>\n<\/div>\n\n\n\n<div class=\"wp-block-column is-layout-flow wp-block-column-is-layout-flow\"><style>.kadence-column638_e95be1-85 > .kt-inside-inner-col,.kadence-column638_e95be1-85 > .kt-inside-inner-col:before{border-top-left-radius:0px;border-top-right-radius:0px;border-bottom-right-radius:0px;border-bottom-left-radius:0px;}.kadence-column638_e95be1-85 > .kt-inside-inner-col{column-gap:var(--global-kb-gap-sm, 1rem);}.kadence-column638_e95be1-85 > .kt-inside-inner-col{flex-direction:column;}.kadence-column638_e95be1-85 > .kt-inside-inner-col > .aligncenter{width:100%;}.kadence-column638_e95be1-85 > .kt-inside-inner-col:before{opacity:0.3;}.kadence-column638_e95be1-85{position:relative;}@media all and (max-width: 1024px){.kadence-column638_e95be1-85 > .kt-inside-inner-col{flex-direction:column;justify-content:center;}}@media all and (max-width: 767px){.kadence-column638_e95be1-85 > .kt-inside-inner-col{flex-direction:column;justify-content:center;}}<\/style>\n<div class=\"wp-block-kadence-column kadence-column638_e95be1-85\"><div class=\"kt-inside-inner-col\">\n<h5 class=\"wp-block-heading\"><strong>Mund\u00ebsi p\u00ebr rritje<\/strong><\/h5>\n\n\n\n<p class=\"\">N\u00eb &#8220;Sale &amp; Service,&#8221; nuk \u00ebsht\u00eb thjesht nj\u00eb pun\u00eb &#8211; \u00ebsht\u00eb nj\u00eb mund\u00ebsi p\u00ebr t\u00eb nd\u00ebrtuar nj\u00eb karrier\u00eb afatgjat\u00eb. Ne ofrojm\u00eb mund\u00ebsi p\u00ebr ngritje n\u00eb detyr\u00eb dhe inkurajojm\u00eb zhvillimin e brendsh\u00ebm p\u00ebrmes pozicioneve t\u00eb ndryshme q\u00eb ofrojm\u00eb. Nga telemarketingu deri te menaxhimi i projekteve, mund t\u00eb zbuloni mund\u00ebsi t\u00eb shumta p\u00ebr t\u00eb avancuar n\u00eb karrier\u00ebn tuaj.<\/p>\n<\/div><\/div>\n<\/div>\n<\/div>\n<\/div><\/div>\n\n<\/div><\/div>\n\n\n<div class=\"wp-block-columns is-layout-flex wp-container-core-columns-is-layout-9d6595d7 wp-block-columns-is-layout-flex\">\n<div class=\"wp-block-column is-layout-flow wp-block-column-is-layout-flow\">\n<h3 class=\"wp-block-heading\" style=\"padding-right:var(--wp--preset--spacing--40);padding-left:var(--wp--preset--spacing--40)\"><strong>Pozicione t\u00eb hapura<\/strong><\/h3>\n\n\n\n<p style=\"padding-right:var(--wp--preset--spacing--40);padding-left:var(--wp--preset--spacing--40)\" class=\"\">Ne jemi gjithmon\u00eb n\u00eb k\u00ebrkim t\u00eb talenteve t\u00eb reja q\u00eb t\u00eb bashkohen me ekipin ton\u00eb t\u00eb jasht\u00ebzakonsh\u00ebm. Shikoni m\u00eb posht\u00eb pozicionet tona t\u00eb hapura dhe aplikoni p\u00ebr rolin q\u00eb p\u00ebrputhet m\u00eb s\u00eb miri me aft\u00ebsit\u00eb dhe ambiciet tuaja.<\/p>\n\n\n\n<h3 class=\"wp-block-heading\" style=\"padding-right:var(--wp--preset--spacing--40);padding-left:var(--wp--preset--spacing--40)\"><strong>Si t\u00eb aplikoni:<\/strong><\/h3>\n\n\n\n<p style=\"padding-right:var(--wp--preset--spacing--40);padding-left:var(--wp--preset--spacing--40)\" class=\"\">N\u00ebse jeni t\u00eb interesuar t\u00eb bashkoheni me ekipin ton\u00eb, d\u00ebrgoni CV-n\u00eb dhe letr\u00ebn tuaj t\u00eb motivimit n\u00eb adres\u00ebn ton\u00eb t\u00eb emailit: <a href=\"mailto:hr@sale-and-service.com\">hr@sale-and-service.com<\/a><br>Ne do t\u00eb shqyrtojm\u00eb aplikimin tuaj dhe do t&#8217;ju kontaktojm\u00eb n\u00ebse p\u00ebrputheni me nevojat tona aktuale.<\/p>\n<\/div>\n\n\n\n<div class=\"wp-block-column is-layout-flow wp-block-column-is-layout-flow\">\n<figure class=\"wp-block-image size-large is-resized\"><img loading=\"lazy\" decoding=\"async\" width=\"1024\" height=\"683\" src=\"https:\/\/sale-and-service.com\/wp-content\/uploads\/2021\/04\/leon-Oalh2MojUuk-unsplash-1024x683.jpg\" alt=\"\" class=\"wp-image-369\" style=\"width:564px;height:auto\" srcset=\"https:\/\/sale-and-service.com\/wp-content\/uploads\/2021\/04\/leon-Oalh2MojUuk-unsplash-1024x683.jpg 1024w, https:\/\/sale-and-service.com\/wp-content\/uploads\/2021\/04\/leon-Oalh2MojUuk-unsplash-300x200.jpg 300w, https:\/\/sale-and-service.com\/wp-content\/uploads\/2021\/04\/leon-Oalh2MojUuk-unsplash-768x512.jpg 768w, https:\/\/sale-and-service.com\/wp-content\/uploads\/2021\/04\/leon-Oalh2MojUuk-unsplash-600x400.jpg 600w, https:\/\/sale-and-service.com\/wp-content\/uploads\/2021\/04\/leon-Oalh2MojUuk-unsplash.jpg 1200w\" sizes=\"auto, (max-width: 1024px) 100vw, 1024px\" \/><\/figure>\n<\/div>\n<\/div>\n\n\n<style>.kb-posts-id-638_0080c2-e0 .kb-post-list-item{display:grid;}<\/style><ul class=\"wp-block-kadence-posts kb-posts kadence-posts-list kb-posts-id-638_0080c2-e0 content-wrap grid-cols kb-posts-style-boxed grid-sm-col-2 grid-lg-col-3 item-image-style-above\"><li class=\"kb-post-list-item\">\n\t<article class=\"entry content-bg loop-entry post-1527 post type-post status-publish format-standard hentry category-career\">\n\t\t\t\t<div class=\"entry-content-wrap\">\n\t\t\t<header class=\"entry-header\">\n\t\t<div class=\"entry-taxonomies\">\n\t\t<span class=\"category-links term-links category-style-normal\">\n\t\t\t<a href=\"https:\/\/sale-and-service.com\/en\/category\/career\/\" class=\"category-link-career\" rel=\"tag\">Career<\/a>\t\t<\/span>\n\t<\/div><!-- .entry-taxonomies -->\n\t<h2 class=\"entry-title\"><a href=\"https:\/\/sale-and-service.com\/en\/telemarketer\/\" rel=\"bookmark\">Njoftime Pune<\/a><\/h2>\t<div class=\"entry-meta entry-meta-divider-dot\">\n\t<span class=\"posted-by\"><span class=\"meta-label\">By<\/span><span class=\"author vcard\"><span class=\"fn n\">admiri.t9<\/span><\/span><\/span>\t\t\t<span class=\"posted-on\">\n\t\t\t\t<time class=\"entry-date published\" datetime=\"2024-11-26T13:23:52+00:00\">November 26, 2024<\/time><time class=\"updated\" datetime=\"2024-11-27T10:20:33+00:00\">November 27, 2024<\/time>\t\t\t<\/span>\n\t\t\t\t<\/div><!-- .entry-meta -->\n\t<\/header><!-- .entry-header -->\n\t<div class=\"entry-summary\">\n\t\t<p>Telemarketer<\/p>\n\t<\/div><!-- .entry-summary -->\n\t<footer class=\"entry-footer\">\n\t\t\t<div class=\"entry-actions\">\n\t\t\t<p class=\"more-link-wrap\">\n\t\t\t\t<a href=\"https:\/\/sale-and-service.com\/en\/telemarketer\/\" class=\"post-more-link\">\n\t\t\t\t\tRead More<span class=\"screen-reader-text\"> Njoftime Pune<\/span><span class=\"kadence-svg-iconset svg-baseline\"><svg aria-hidden=\"true\" class=\"kadence-svg-icon kadence-arrow-right-alt-svg\" fill=\"currentColor\" version=\"1.1\" xmlns=\"http:\/\/www.w3.org\/2000\/svg\" width=\"27\" height=\"28\" viewBox=\"0 0 27 28\"><title>Continue<\/title><path d=\"M27 13.953c0 0.141-0.063 0.281-0.156 0.375l-6 5.531c-0.156 0.141-0.359 0.172-0.547 0.094-0.172-0.078-0.297-0.25-0.297-0.453v-3.5h-19.5c-0.281 0-0.5-0.219-0.5-0.5v-3c0-0.281 0.219-0.5 0.5-0.5h19.5v-3.5c0-0.203 0.109-0.375 0.297-0.453s0.391-0.047 0.547 0.078l6 5.469c0.094 0.094 0.156 0.219 0.156 0.359v0z\"><\/path>\n\t\t\t<\/svg><\/span>\t\t\t\t<\/a>\n\t\t\t<\/p>\n\t\t<\/div><!-- .entry-actions -->\n\t\t<\/footer><!-- .entry-footer -->\t\t<\/div>\n\t<\/article>\n<\/li>\n<\/ul>","protected":false},"excerpt":{"rendered":"<p>Karriera Bashkohuni me ekipin tone! N\u00ebse jeni duke k\u00ebrkuar nj\u00eb mund\u00ebsi p\u00ebr t\u00eb zhvilluar karrier\u00ebn tuaj n\u00eb nj\u00eb ambient profesional, energjik dhe t\u00eb motivuar &#8220;Sale &amp; Service&#8221; \u00ebsht\u00eb vendi i duhur p\u00ebr ju! Ne jemi nj\u00eb nga kompanit\u00eb m\u00eb dinamike n\u00eb fush\u00ebn e telemarketingut dhe sh\u00ebrbimeve t\u00eb klientit dhe po k\u00ebrkojm\u00eb individ\u00eb t\u00eb apasionuar q\u00eb&#8230;<\/p>","protected":false},"author":1,"featured_media":0,"parent":0,"menu_order":0,"comment_status":"closed","ping_status":"closed","template":"","meta":{"nf_dc_page":"","_kadence_starter_templates_imported_post":true,"_kad_post_transparent":"","_kad_post_title":"hide","_kad_post_layout":"fullwidth","_kad_post_sidebar_id":"","_kad_post_content_style":"unboxed","_kad_post_vertical_padding":"hide","_kad_post_feature":"hide","_kad_post_feature_position":"","_kad_post_header":false,"_kad_post_footer":false,"_kad_post_classname":"","footnotes":""},"class_list":["post-638","page","type-page","status-publish","hentry"],"_links":{"self":[{"href":"https:\/\/sale-and-service.com\/en\/wp-json\/wp\/v2\/pages\/638","targetHints":{"allow":["GET"]}}],"collection":[{"href":"https:\/\/sale-and-service.com\/en\/wp-json\/wp\/v2\/pages"}],"about":[{"href":"https:\/\/sale-and-service.com\/en\/wp-json\/wp\/v2\/types\/page"}],"author":[{"embeddable":true,"href":"https:\/\/sale-and-service.com\/en\/wp-json\/wp\/v2\/users\/1"}],"replies":[{"embeddable":true,"href":"https:\/\/sale-and-service.com\/en\/wp-json\/wp\/v2\/comments?post=638"}],"version-history":[{"count":9,"href":"https:\/\/sale-and-service.com\/en\/wp-json\/wp\/v2\/pages\/638\/revisions"}],"predecessor-version":[{"id":1541,"href":"https:\/\/sale-and-service.com\/en\/wp-json\/wp\/v2\/pages\/638\/revisions\/1541"}],"wp:attachment":[{"href":"https:\/\/sale-and-service.com\/en\/wp-json\/wp\/v2\/media?parent=638"}],"curies":[{"name":"wp","href":"https:\/\/api.w.org\/{rel}","templated":true}]}}