{"id":1447,"date":"2024-09-29T17:49:43","date_gmt":"2024-09-29T17:49:43","guid":{"rendered":"https:\/\/anl.dhy.mybluehost.me\/website_3f3d8087\/?page_id=1447"},"modified":"2024-09-29T17:51:51","modified_gmt":"2024-09-29T17:51:51","slug":"terms-and-conditions","status":"publish","type":"page","link":"https:\/\/sale-and-service.com\/en\/terms-and-conditions\/","title":{"rendered":"Terms and Conditions"},"content":{"rendered":"<p class=\"\">K\u00ebto kushte p\u00ebrcaktojn\u00eb termat e p\u00ebrdorimit t\u00eb sh\u00ebrbimeve t\u00eb ofruara nga Sale &amp; Service dhe zbatohen p\u00ebr t\u00eb gjith\u00eb klient\u00ebt dhe bashk\u00ebpun\u00ebtor\u00ebt.<\/p>\n\n\n\n<p class=\"\"><strong>&nbsp;Sh\u00ebrbimet e ofruara<\/strong><\/p>\n\n\n\n<p class=\"\">Sale &amp; Service ofron sh\u00ebrbime telemarketingu, inbound\/outbound calls, sh\u00ebrbime t\u00eb klient\u00ebve, shitje dhe anketime. P\u00ebrdorimi i k\u00ebtyre sh\u00ebrbimeve n\u00ebnkupton pranimin e k\u00ebtyre kushteve.<\/p>\n\n\n\n<p class=\"\"><strong>&nbsp;P\u00ebrgjegj\u00ebsit\u00eb e klientit<\/strong><\/p>\n\n\n\n<p class=\"\">Klienti duhet t\u00eb ofroj\u00eb informacione t\u00eb sakta dhe t\u00eb p\u00ebrdit\u00ebsuara, t\u00eb mos p\u00ebrfshihet n\u00eb aktivitete t\u00eb paligjshme dhe t\u00eb respektoj\u00eb udh\u00ebzimet e kompanis\u00eb gjat\u00eb p\u00ebrdorimit t\u00eb sh\u00ebrbimeve.<\/p>\n\n\n\n<p class=\"\"><strong>P\u00ebrgjegj\u00ebsit\u00eb e kompanis\u00eb<\/strong><\/p>\n\n\n\n<p class=\"\">Sale &amp; Service angazhohet t\u00eb ofroj\u00eb sh\u00ebrbime profesionale dhe t\u00eb respektoj\u00eb privat\u00ebsin\u00eb dhe sigurin\u00eb e t\u00eb dh\u00ebnave t\u00eb klientit.<\/p>\n\n\n\n<p class=\"\"><strong>Pagesa<\/strong><\/p>\n\n\n\n<p class=\"\">Pagesa p\u00ebr sh\u00ebrbimet tona duhet t\u00eb b\u00ebhet sipas marr\u00ebveshjes. N\u00ebse pagesa nuk kryhet n\u00eb koh\u00ebn e caktuar, Sale &amp; Service rezervon t\u00eb drejt\u00ebn p\u00ebr t\u00eb pezulluar sh\u00ebrbimin.<\/p>\n\n\n\n<p class=\"\"><strong>Ndryshimi i kushteve<\/strong><\/p>\n\n\n\n<p class=\"\">Ne mund t\u00eb p\u00ebrdit\u00ebsojm\u00eb k\u00ebto kushte dhe klient\u00ebt do t\u00eb informohen p\u00ebr \u00e7do ndryshim t\u00eb r\u00ebnd\u00ebsish\u00ebm.<\/p>\n\n\n\n<p class=\"\"><strong>Zgjidhja e mosmarr\u00ebveshjeve<\/strong><\/p>\n\n\n\n<p class=\"\">N\u00eb rast t\u00eb nj\u00eb mosmarr\u00ebveshjeje, pal\u00ebt angazhohen t\u00eb zgjidhin \u00e7\u00ebshtjen n\u00eb m\u00ebnyr\u00eb miq\u00ebsore p\u00ebrpara se t\u00eb ndjekin veprime ligjore.<\/p>","protected":false},"excerpt":{"rendered":"<p>K\u00ebto kushte p\u00ebrcaktojn\u00eb termat e p\u00ebrdorimit t\u00eb sh\u00ebrbimeve t\u00eb ofruara nga Sale &amp; Service dhe zbatohen p\u00ebr t\u00eb gjith\u00eb klient\u00ebt dhe bashk\u00ebpun\u00ebtor\u00ebt. &nbsp;Sh\u00ebrbimet e ofruara Sale &amp; Service ofron sh\u00ebrbime telemarketingu, inbound\/outbound calls, sh\u00ebrbime t\u00eb klient\u00ebve, shitje dhe anketime. P\u00ebrdorimi i k\u00ebtyre sh\u00ebrbimeve n\u00ebnkupton pranimin e k\u00ebtyre kushteve. &nbsp;P\u00ebrgjegj\u00ebsit\u00eb e klientit Klienti duhet t\u00eb ofroj\u00eb&#8230;<\/p>","protected":false},"author":1,"featured_media":0,"parent":0,"menu_order":0,"comment_status":"closed","ping_status":"closed","template":"","meta":{"nf_dc_page":"","_kadence_starter_templates_imported_post":false,"_kad_post_transparent":"","_kad_post_title":"","_kad_post_layout":"","_kad_post_sidebar_id":"","_kad_post_content_style":"","_kad_post_vertical_padding":"","_kad_post_feature":"","_kad_post_feature_position":"","_kad_post_header":false,"_kad_post_footer":false,"_kad_post_classname":"","footnotes":""},"class_list":["post-1447","page","type-page","status-publish","hentry"],"_links":{"self":[{"href":"https:\/\/sale-and-service.com\/en\/wp-json\/wp\/v2\/pages\/1447","targetHints":{"allow":["GET"]}}],"collection":[{"href":"https:\/\/sale-and-service.com\/en\/wp-json\/wp\/v2\/pages"}],"about":[{"href":"https:\/\/sale-and-service.com\/en\/wp-json\/wp\/v2\/types\/page"}],"author":[{"embeddable":true,"href":"https:\/\/sale-and-service.com\/en\/wp-json\/wp\/v2\/users\/1"}],"replies":[{"embeddable":true,"href":"https:\/\/sale-and-service.com\/en\/wp-json\/wp\/v2\/comments?post=1447"}],"version-history":[{"count":3,"href":"https:\/\/sale-and-service.com\/en\/wp-json\/wp\/v2\/pages\/1447\/revisions"}],"predecessor-version":[{"id":1452,"href":"https:\/\/sale-and-service.com\/en\/wp-json\/wp\/v2\/pages\/1447\/revisions\/1452"}],"wp:attachment":[{"href":"https:\/\/sale-and-service.com\/en\/wp-json\/wp\/v2\/media?parent=1447"}],"curies":[{"name":"wp","href":"https:\/\/api.w.org\/{rel}","templated":true}]}}